{"id":10751,"date":"2019-08-11T00:17:30","date_gmt":"2019-08-10T22:17:30","guid":{"rendered":"https:\/\/www.kinderkarate.at\/ItokaiALT\/?page_id=10751"},"modified":"2022-03-22T11:07:52","modified_gmt":"2022-03-22T10:07:52","slug":"events","status":"publish","type":"page","link":"https:\/\/www.kinderkarate.at\/ItokaiALT\/events\/","title":{"rendered":"Events"},"content":{"rendered":"\t\t<div data-elementor-type=\"wp-post\" data-elementor-id=\"10751\" class=\"elementor elementor-10751\" data-elementor-post-type=\"page\">\n\t\t\t\t\t\t\t\t\t<section class=\"elementor-section elementor-top-section elementor-element elementor-element-c253c64 elementor-hidden-phone elementor-section-boxed elementor-section-height-default elementor-section-height-default\" data-id=\"c253c64\" data-element_type=\"section\" data-settings=\"{&quot;_ob_glider_is_slider&quot;:&quot;no&quot;}\">\n\t\t\t\t\t\t<div class=\"elementor-container elementor-column-gap-no\">\n\t\t\t\t\t<div class=\"elementor-column elementor-col-100 elementor-top-column elementor-element elementor-element-2b0b1d5\" data-id=\"2b0b1d5\" data-element_type=\"column\" data-settings=\"{&quot;_ob_column_hoveranimator&quot;:&quot;no&quot;,&quot;_ob_column_has_pseudo&quot;:&quot;no&quot;}\">\n\t\t\t<div class=\"elementor-widget-wrap elementor-element-populated\">\n\t\t\t\t\t\t\t\t<div class=\"elementor-element elementor-element-6b38a90 ob-harakiri-inherit ob-has-background-overlay elementor-widget elementor-widget-heading\" data-id=\"6b38a90\" data-element_type=\"widget\" data-settings=\"{&quot;_ob_use_harakiri&quot;:&quot;yes&quot;,&quot;_ob_harakiri_writing_mode&quot;:&quot;inherit&quot;,&quot;_ob_harakiri_text_clip&quot;:&quot;none&quot;,&quot;_ob_widget_stalker_use&quot;:&quot;no&quot;,&quot;_ob_poopart_use&quot;:&quot;yes&quot;,&quot;_ob_shadough_use&quot;:&quot;no&quot;,&quot;_ob_allow_hoveranimator&quot;:&quot;no&quot;}\" data-widget_type=\"heading.default\">\n\t\t\t\t<div class=\"elementor-widget-container\">\n\t\t\t<style>\/*! elementor - v3.18.0 - 20-12-2023 *\/\n.elementor-heading-title{padding:0;margin:0;line-height:1}.elementor-widget-heading .elementor-heading-title[class*=elementor-size-]>a{color:inherit;font-size:inherit;line-height:inherit}.elementor-widget-heading .elementor-heading-title.elementor-size-small{font-size:15px}.elementor-widget-heading .elementor-heading-title.elementor-size-medium{font-size:19px}.elementor-widget-heading .elementor-heading-title.elementor-size-large{font-size:29px}.elementor-widget-heading .elementor-heading-title.elementor-size-xl{font-size:39px}.elementor-widget-heading .elementor-heading-title.elementor-size-xxl{font-size:59px}<\/style><h2 class=\"elementor-heading-title elementor-size-default\">Kommende Events<\/h2>\t\t<\/div>\n\t\t\t\t<\/div>\n\t\t\t\t<div class=\"elementor-element elementor-element-e8cd1d5 ob-harakiri-inherit ob-has-background-overlay elementor-widget elementor-widget-heading\" data-id=\"e8cd1d5\" data-element_type=\"widget\" data-settings=\"{&quot;_ob_use_harakiri&quot;:&quot;yes&quot;,&quot;_ob_harakiri_writing_mode&quot;:&quot;inherit&quot;,&quot;_ob_harakiri_text_clip&quot;:&quot;none&quot;,&quot;_ob_widget_stalker_use&quot;:&quot;no&quot;,&quot;_ob_poopart_use&quot;:&quot;yes&quot;,&quot;_ob_shadough_use&quot;:&quot;no&quot;,&quot;_ob_allow_hoveranimator&quot;:&quot;no&quot;}\" data-widget_type=\"heading.default\">\n\t\t\t\t<div class=\"elementor-widget-container\">\n\t\t\t<h2 class=\"elementor-heading-title elementor-size-default\">Unsere Empfehlungen<\/h2>\t\t<\/div>\n\t\t\t\t<\/div>\n\t\t\t\t<div class=\"elementor-element elementor-element-fbd0fcf ob-harakiri-inherit ob-has-background-overlay elementor-widget elementor-widget-heading\" data-id=\"fbd0fcf\" data-element_type=\"widget\" data-settings=\"{&quot;_ob_use_harakiri&quot;:&quot;yes&quot;,&quot;_ob_harakiri_writing_mode&quot;:&quot;inherit&quot;,&quot;_ob_harakiri_text_clip&quot;:&quot;none&quot;,&quot;_ob_widget_stalker_use&quot;:&quot;no&quot;,&quot;_ob_poopart_use&quot;:&quot;yes&quot;,&quot;_ob_shadough_use&quot;:&quot;no&quot;,&quot;_ob_allow_hoveranimator&quot;:&quot;no&quot;}\" data-widget_type=\"heading.default\">\n\t\t\t\t<div class=\"elementor-widget-container\">\n\t\t\t<h2 class=\"elementor-heading-title elementor-size-default\">Nachstehend finden Sie unsere Empfehlungen f\u00fcr kommende Events. Bei allen Itokai Veranstaltungen besteht das Trainer Team nat\u00fcrlich aus den Itokai Lehrern und Leaderships. Bei Empfehlungen zu Events anderer Anbieter (Lehrg\u00e4nge, Trainingscamps, Partys, etc.) nimmt auch immer ein Teil unseres Team daran teil.<\/h2>\t\t<\/div>\n\t\t\t\t<\/div>\n\t\t\t\t\t<\/div>\n\t\t<\/div>\n\t\t\t\t\t\t\t<\/div>\n\t\t<\/section>\n\t\t\t\t<section class=\"elementor-section elementor-top-section elementor-element elementor-element-62dd3d5 elementor-section-full_width elementor-section-stretched elementor-hidden-phone elementor-section-height-default elementor-section-height-default\" data-id=\"62dd3d5\" data-element_type=\"section\" data-settings=\"{&quot;stretch_section&quot;:&quot;section-stretched&quot;,&quot;_ob_glider_is_slider&quot;:&quot;no&quot;}\">\n\t\t\t\t\t\t<div class=\"elementor-container elementor-column-gap-no\">\n\t\t\t\t\t<div class=\"elementor-column elementor-col-100 elementor-top-column elementor-element elementor-element-d11e53c\" data-id=\"d11e53c\" data-element_type=\"column\" data-settings=\"{&quot;_ob_column_hoveranimator&quot;:&quot;no&quot;,&quot;_ob_column_has_pseudo&quot;:&quot;no&quot;}\">\n\t\t\t<div class=\"elementor-widget-wrap elementor-element-populated\">\n\t\t\t\t\t\t\t\t<div class=\"elementor-element elementor-element-b1f6300 elementor-widget__width-initial elementor-fixed ob-has-background-overlay elementor-widget elementor-widget-image\" data-id=\"b1f6300\" data-element_type=\"widget\" data-settings=\"{&quot;_position&quot;:&quot;fixed&quot;,&quot;_ob_photomorph_use&quot;:&quot;no&quot;,&quot;_ob_widget_stalker_use&quot;:&quot;no&quot;,&quot;_ob_poopart_use&quot;:&quot;yes&quot;,&quot;_ob_shadough_use&quot;:&quot;no&quot;,&quot;_ob_allow_hoveranimator&quot;:&quot;no&quot;}\" data-widget_type=\"image.default\">\n\t\t\t\t<div class=\"elementor-widget-container\">\n\t\t\t<style>\/*! elementor - v3.18.0 - 20-12-2023 *\/\n.elementor-widget-image{text-align:center}.elementor-widget-image a{display:inline-block}.elementor-widget-image a img[src$=\".svg\"]{width:48px}.elementor-widget-image img{vertical-align:middle;display:inline-block}<\/style>\t\t\t\t\t\t\t\t\t\t\t\t\t<a href=\"https:\/\/www.kinderkarate.at\/ItokaiALT\/kinderkarate\/\">\n\t\t\t\t\t\t\t<img decoding=\"async\" width=\"150\" height=\"150\" src=\"https:\/\/www.kinderkarate.at\/ItokaiALT\/wp-content\/uploads\/2021\/05\/buttonloc-150x150.png\" class=\"attachment-thumbnail size-thumbnail wp-image-22962\" alt=\"\" srcset=\"https:\/\/www.kinderkarate.at\/ItokaiALT\/wp-content\/uploads\/2021\/05\/buttonloc-150x150.png 150w, https:\/\/www.kinderkarate.at\/ItokaiALT\/wp-content\/uploads\/2021\/05\/buttonloc.png 300w, https:\/\/www.kinderkarate.at\/ItokaiALT\/wp-content\/uploads\/2021\/05\/elementor\/thumbs\/buttonloc-p706qyelat8p1burj42gmn607385du0dq56hlgdsdk.png 100w, https:\/\/www.kinderkarate.at\/ItokaiALT\/wp-content\/uploads\/2021\/05\/elementor\/thumbs\/buttonloc-p706qyemio14nc0hy0xmqq0d8ffs1l83lxrnquv0eo.png 200w, https:\/\/www.kinderkarate.at\/ItokaiALT\/wp-content\/uploads\/2021\/05\/elementor\/thumbs\/buttonloc-p706qyekzujl4ttbxduo3mgexr68pw7g971723rhda.png 75w, https:\/\/www.kinderkarate.at\/ItokaiALT\/wp-content\/uploads\/2021\/05\/elementor\/thumbs\/buttonloc-p706qyekbq7jqxbrzzdixs3bd7uugfft0picoc00co.png 20w\" sizes=\"(max-width: 150px) 100vw, 150px\" \/>\t\t\t\t\t\t\t\t<\/a>\n\t\t\t\t\t\t\t\t\t\t\t\t\t\t\t<\/div>\n\t\t\t\t<\/div>\n\t\t\t\t<div class=\"elementor-element elementor-element-f959d93 elementor-widget__width-initial elementor-fixed ob-has-background-overlay elementor-widget elementor-widget-image\" data-id=\"f959d93\" data-element_type=\"widget\" data-settings=\"{&quot;_position&quot;:&quot;fixed&quot;,&quot;_ob_photomorph_use&quot;:&quot;no&quot;,&quot;_ob_widget_stalker_use&quot;:&quot;no&quot;,&quot;_ob_poopart_use&quot;:&quot;yes&quot;,&quot;_ob_shadough_use&quot;:&quot;no&quot;,&quot;_ob_allow_hoveranimator&quot;:&quot;no&quot;}\" data-widget_type=\"image.default\">\n\t\t\t\t<div class=\"elementor-widget-container\">\n\t\t\t\t\t\t\t\t\t\t\t\t\t\t\t\t<a href=\"#elementor-action%3Aaction%3Dpopup%3Aopen%26settings%3DeyJpZCI6IjE1NjY5IiwidG9nZ2xlIjpmYWxzZX0%3D\">\n\t\t\t\t\t\t\t<img decoding=\"async\" width=\"150\" height=\"150\" src=\"https:\/\/www.kinderkarate.at\/ItokaiALT\/wp-content\/uploads\/2021\/05\/buttonkontakt-150x150.png\" class=\"attachment-thumbnail size-thumbnail wp-image-22895\" alt=\"\" srcset=\"https:\/\/www.kinderkarate.at\/ItokaiALT\/wp-content\/uploads\/2021\/05\/buttonkontakt-150x150.png 150w, https:\/\/www.kinderkarate.at\/ItokaiALT\/wp-content\/uploads\/2021\/05\/buttonkontakt.png 300w, https:\/\/www.kinderkarate.at\/ItokaiALT\/wp-content\/uploads\/2021\/05\/buttonkontakt-100x100.png 100w\" sizes=\"(max-width: 150px) 100vw, 150px\" \/>\t\t\t\t\t\t\t\t<\/a>\n\t\t\t\t\t\t\t\t\t\t\t\t\t\t\t<\/div>\n\t\t\t\t<\/div>\n\t\t\t\t<div class=\"elementor-element elementor-element-55d2ec3 elementor-widget__width-initial elementor-fixed elementor-hidden-phone ob-has-background-overlay elementor-widget elementor-widget-image\" data-id=\"55d2ec3\" data-element_type=\"widget\" data-settings=\"{&quot;_position&quot;:&quot;fixed&quot;,&quot;_ob_photomorph_use&quot;:&quot;no&quot;,&quot;_ob_widget_stalker_use&quot;:&quot;no&quot;,&quot;_ob_poopart_use&quot;:&quot;yes&quot;,&quot;_ob_shadough_use&quot;:&quot;no&quot;,&quot;_ob_allow_hoveranimator&quot;:&quot;no&quot;}\" data-widget_type=\"image.default\">\n\t\t\t\t<div class=\"elementor-widget-container\">\n\t\t\t\t\t\t\t\t\t\t\t\t\t\t\t\t<a href=\"#elementor-action%3Aaction%3Dpopup%3Aopen%26settings%3DeyJpZCI6IjE1NjM5IiwidG9nZ2xlIjpmYWxzZX0%3D\">\n\t\t\t\t\t\t\t<img decoding=\"async\" width=\"150\" height=\"150\" src=\"https:\/\/www.kinderkarate.at\/ItokaiALT\/wp-content\/uploads\/2021\/05\/buttonProbetraining-150x150.png\" class=\"attachment-thumbnail size-thumbnail wp-image-22949\" alt=\"\" srcset=\"https:\/\/www.kinderkarate.at\/ItokaiALT\/wp-content\/uploads\/2021\/05\/buttonProbetraining-150x150.png 150w, https:\/\/www.kinderkarate.at\/ItokaiALT\/wp-content\/uploads\/2021\/05\/buttonProbetraining.png 300w, https:\/\/www.kinderkarate.at\/ItokaiALT\/wp-content\/uploads\/2021\/05\/buttonProbetraining-100x100.png 100w\" sizes=\"(max-width: 150px) 100vw, 150px\" \/>\t\t\t\t\t\t\t\t<\/a>\n\t\t\t\t\t\t\t\t\t\t\t\t\t\t\t<\/div>\n\t\t\t\t<\/div>\n\t\t\t\t\t<\/div>\n\t\t<\/div>\n\t\t\t\t\t\t\t<\/div>\n\t\t<\/section>\n\t\t\t\t<section class=\"elementor-section elementor-top-section elementor-element elementor-element-3034c83 elementor-hidden-phone elementor-section-boxed elementor-section-height-default elementor-section-height-default\" data-id=\"3034c83\" data-element_type=\"section\" data-settings=\"{&quot;_ob_glider_is_slider&quot;:&quot;no&quot;}\">\n\t\t\t\t\t\t<div class=\"elementor-container elementor-column-gap-no\">\n\t\t\t\t\t<div class=\"elementor-column elementor-col-100 elementor-top-column elementor-element elementor-element-86ded6c\" data-id=\"86ded6c\" data-element_type=\"column\" data-settings=\"{&quot;_ob_column_hoveranimator&quot;:&quot;no&quot;,&quot;_ob_column_has_pseudo&quot;:&quot;no&quot;}\">\n\t\t\t<div class=\"elementor-widget-wrap elementor-element-populated\">\n\t\t\t\t\t\t\t\t\t<\/div>\n\t\t<\/div>\n\t\t\t\t\t\t\t<\/div>\n\t\t<\/section>\n\t\t\t\t<section class=\"elementor-section elementor-top-section elementor-element elementor-element-ee1a2a2 elementor-hidden-desktop elementor-hidden-tablet elementor-section-boxed elementor-section-height-default elementor-section-height-default\" data-id=\"ee1a2a2\" data-element_type=\"section\" data-settings=\"{&quot;_ob_glider_is_slider&quot;:&quot;no&quot;}\">\n\t\t\t\t\t\t<div class=\"elementor-container elementor-column-gap-default\">\n\t\t\t\t\t<div class=\"elementor-column elementor-col-100 elementor-top-column elementor-element elementor-element-4749f32\" data-id=\"4749f32\" data-element_type=\"column\" data-settings=\"{&quot;_ob_column_hoveranimator&quot;:&quot;no&quot;,&quot;_ob_column_has_pseudo&quot;:&quot;no&quot;}\">\n\t\t\t<div class=\"elementor-widget-wrap elementor-element-populated\">\n\t\t\t\t\t\t\t\t\t<\/div>\n\t\t<\/div>\n\t\t\t\t\t\t\t<\/div>\n\t\t<\/section>\n\t\t\t\t\t\t\t<\/div>\n\t\t","protected":false},"excerpt":{"rendered":"<p>Kommende Events Unsere Empfehlungen Nachstehend finden Sie unsere Empfehlungen f\u00fcr kommende Events. Bei allen Itokai Veranstaltungen besteht das Trainer Team nat\u00fcrlich aus den Itokai Lehrern und Leaderships. Bei Empfehlungen zu Events anderer Anbieter (Lehrg\u00e4nge, Trainingscamps, Partys, etc.) nimmt auch immer ein Teil unseres Team daran teil.<\/p>\n","protected":false},"author":4,"featured_media":0,"parent":0,"menu_order":0,"comment_status":"closed","ping_status":"closed","template":"elementor_header_footer","meta":[],"categories":[],"tags":[],"_links":{"self":[{"href":"https:\/\/www.kinderkarate.at\/ItokaiALT\/wp-json\/wp\/v2\/pages\/10751"}],"collection":[{"href":"https:\/\/www.kinderkarate.at\/ItokaiALT\/wp-json\/wp\/v2\/pages"}],"about":[{"href":"https:\/\/www.kinderkarate.at\/ItokaiALT\/wp-json\/wp\/v2\/types\/page"}],"author":[{"embeddable":true,"href":"https:\/\/www.kinderkarate.at\/ItokaiALT\/wp-json\/wp\/v2\/users\/4"}],"replies":[{"embeddable":true,"href":"https:\/\/www.kinderkarate.at\/ItokaiALT\/wp-json\/wp\/v2\/comments?post=10751"}],"version-history":[{"count":0,"href":"https:\/\/www.kinderkarate.at\/ItokaiALT\/wp-json\/wp\/v2\/pages\/10751\/revisions"}],"wp:attachment":[{"href":"https:\/\/www.kinderkarate.at\/ItokaiALT\/wp-json\/wp\/v2\/media?parent=10751"}],"wp:term":[{"taxonomy":"category","embeddable":true,"href":"https:\/\/www.kinderkarate.at\/ItokaiALT\/wp-json\/wp\/v2\/categories?post=10751"},{"taxonomy":"post_tag","embeddable":true,"href":"https:\/\/www.kinderkarate.at\/ItokaiALT\/wp-json\/wp\/v2\/tags?post=10751"}],"curies":[{"name":"wp","href":"https:\/\/api.w.org\/{rel}","templated":true}]}}